{"id":2,"date":"2020-01-03T12:11:39","date_gmt":"2020-01-03T11:11:39","guid":{"rendered":"http:\/\/www.kanzlei-jakobi.de\/2020\/?page_id=2"},"modified":"2025-06-02T14:06:04","modified_gmt":"2025-06-02T12:06:04","slug":"vita","status":"publish","type":"page","link":"http:\/\/www.kanzlei-jakobi.de\/2020\/vita\/","title":{"rendered":"Vita"},"content":{"rendered":"\n<p class=\"has-text-align-left\"><strong>Rechtsanw\u00e4ltin                      Fachanw\u00e4ltin f\u00fcr Strafrecht                       Mediatorin<\/strong><\/p>\n\n\n<div class=\"wp-block-image\">\n<figure class=\"alignleft size-large\"><img loading=\"lazy\" decoding=\"async\" width=\"769\" height=\"1024\" src=\"http:\/\/www.kanzlei-jakobi.de\/2020\/wp-content\/uploads\/2025\/06\/JJakobi-769x1024.jpg\" alt=\"\" class=\"wp-image-106\" srcset=\"http:\/\/www.kanzlei-jakobi.de\/2020\/wp-content\/uploads\/2025\/06\/JJakobi-769x1024.jpg 769w, http:\/\/www.kanzlei-jakobi.de\/2020\/wp-content\/uploads\/2025\/06\/JJakobi-225x300.jpg 225w, http:\/\/www.kanzlei-jakobi.de\/2020\/wp-content\/uploads\/2025\/06\/JJakobi-768x1022.jpg 768w, http:\/\/www.kanzlei-jakobi.de\/2020\/wp-content\/uploads\/2025\/06\/JJakobi-1154x1536.jpg 1154w, http:\/\/www.kanzlei-jakobi.de\/2020\/wp-content\/uploads\/2025\/06\/JJakobi-1538x2048.jpg 1538w, http:\/\/www.kanzlei-jakobi.de\/2020\/wp-content\/uploads\/2025\/06\/JJakobi-600x799.jpg 600w, http:\/\/www.kanzlei-jakobi.de\/2020\/wp-content\/uploads\/2025\/06\/JJakobi-945x1258.jpg 945w, http:\/\/www.kanzlei-jakobi.de\/2020\/wp-content\/uploads\/2025\/06\/JJakobi-scaled.jpg 1923w\" sizes=\"auto, (max-width: 769px) 100vw, 769px\" \/><\/figure><\/div>\n\n\n<p class=\"has-text-align-left\">Jennifer Jakobi<\/p>\n\n\n\n<p>Jahrgang 1970<br>\nStudium der Rechtswissenschaft<br>\nStudium der Politikwissenschaft<\/p>\n\n\n\n<p>Mitglied im &#8222;Deutschen Anwaltverein e.V.&#8220;<br>Mitglied im &#8222;Bremischen Anwaltverein e.V.&#8220;<br>Mitglied in der &#8222;Vereinigung nieders\u00e4chsischer und bremischer Strafverteidigerinnen und Strafverteidiger e.V. (VNBS)&#8220;<br>Mitglied in der &#8222;Arbeitsgemeinschaft Strafrecht im Deutschen Anwaltverein e.V.&#8220;<\/p>\n\n\n\n<p>Vorstandsmitglied und Schatzmeisterin der Hanseatischen Rechtsanwaltskammer Bremen<br><\/p>\n\n\n\n<p>Sofern Sie sich \u00fcber eine E-Mail mit dem B\u00fcro in Verbindung setzen, wird davon ausgegangen, da\u00df wir an Ihre Absende-Adresse auch antworten k\u00f6nnen (Vertraulichkeit, alleiniger Zugang).<br>Sollte dies nicht der Fall sein, wird um eine entsprechende Mitteilung und Angabe vertraulicher Kontaktdaten gebeten!<\/p>\n\n\n\n<p>Es wird darauf aufmerksam gemacht, da\u00df durch das Senden einer Email kein Mandatsverh\u00e4ltnis zustande kommt.<\/p>\n\n\n\n<p>Weiter wird darauf hingewiesen, da\u00df das Internet kein sicheres Medium ist; f\u00fcr das \u00dcbermitteln von vertraulichen Unterlagen wird daher grunds\u00e4tzlich geraten, dies per Fax, Post oder pers\u00f6nlich zu tun.<\/p>\n\n\n\n<p><\/p>\n","protected":false},"excerpt":{"rendered":"<p>Rechtsanw\u00e4ltin Fachanw\u00e4ltin f\u00fcr Strafrecht Mediatorin Jennifer Jakobi Jahrgang 1970 Studium der Rechtswissenschaft Studium der Politikwissenschaft Mitglied im &#8222;Deutschen Anwaltverein e.V.&#8220;Mitglied im &#8222;Bremischen Anwaltverein e.V.&#8220;Mitglied in der &#8222;Vereinigung nieders\u00e4chsischer und bremischer Strafverteidigerinnen und Strafverteidiger e.V. (VNBS)&#8220;Mitglied in der &#8222;Arbeitsgemeinschaft Strafrecht im&#8230; <a class=\"more-link\" href=\"http:\/\/www.kanzlei-jakobi.de\/2020\/vita\/\">Weiterlesen &rarr;<\/a><\/p>\n","protected":false},"author":1,"featured_media":0,"parent":0,"menu_order":0,"comment_status":"closed","ping_status":"closed","template":"","meta":{"footnotes":""},"class_list":["post-2","page","type-page","status-publish","hentry"],"_links":{"self":[{"href":"http:\/\/www.kanzlei-jakobi.de\/2020\/wp-json\/wp\/v2\/pages\/2","targetHints":{"allow":["GET"]}}],"collection":[{"href":"http:\/\/www.kanzlei-jakobi.de\/2020\/wp-json\/wp\/v2\/pages"}],"about":[{"href":"http:\/\/www.kanzlei-jakobi.de\/2020\/wp-json\/wp\/v2\/types\/page"}],"author":[{"embeddable":true,"href":"http:\/\/www.kanzlei-jakobi.de\/2020\/wp-json\/wp\/v2\/users\/1"}],"replies":[{"embeddable":true,"href":"http:\/\/www.kanzlei-jakobi.de\/2020\/wp-json\/wp\/v2\/comments?post=2"}],"version-history":[{"count":9,"href":"http:\/\/www.kanzlei-jakobi.de\/2020\/wp-json\/wp\/v2\/pages\/2\/revisions"}],"predecessor-version":[{"id":122,"href":"http:\/\/www.kanzlei-jakobi.de\/2020\/wp-json\/wp\/v2\/pages\/2\/revisions\/122"}],"wp:attachment":[{"href":"http:\/\/www.kanzlei-jakobi.de\/2020\/wp-json\/wp\/v2\/media?parent=2"}],"curies":[{"name":"wp","href":"https:\/\/api.w.org\/{rel}","templated":true}]}}