{"id":25,"date":"2020-01-03T12:56:34","date_gmt":"2020-01-03T11:56:34","guid":{"rendered":"http:\/\/www.kanzlei-jakobi.de\/2020\/?page_id=25"},"modified":"2025-06-02T13:54:08","modified_gmt":"2025-06-02T11:54:08","slug":"strafrecht","status":"publish","type":"page","link":"http:\/\/www.kanzlei-jakobi.de\/2020\/strafrecht\/","title":{"rendered":"Strafrecht \/ Strafverteidigung"},"content":{"rendered":"\n<p><strong>Fachanwaltskanzlei <\/strong>Jennifer Jakobi<\/p>\n\n\n\n<p>Strafrecht \/ Strafverteidigung \u2013 Fachanw\u00e4ltin f\u00fcr Strafrecht<\/p>\n\n\n\n<p>Wer ein strafrechtliches Problem hat, sieht sich mit einer Vielzahl daraus erwachsender Konsequenzen konfrontiert, die vor vielen Bereichen Ihres Lebens oft nicht Halt machen.<\/p>\n\n\n\n<p>Schnell werden derlei Verfahren <strong>existenzbedrohend<\/strong>. Ob Durchsuchung und Beschlagnahme von Unterlagen und PCs etc., Untersuchungshaft, Sicherstellung oder gar \u201eEinfrieren\u201c von Geldern, Vernehmung von Zeugen, die auch im Freundes-, Familien- oder Kollegenkreis angesiedelt sein k\u00f6nnten, Hauptverhandlungen (also der Proze\u00df vor Gericht), die sich oftmals \u00fcber einen langen Zeitraum hinziehen k\u00f6nnen, Verlust des Arbeitsplatzes und damit einhergehend Verlust von Wohnung oder Haus \u2013 der <strong>Einschnitt<\/strong>, den ein Strafverfahren in Ihr Leben verursachen kann, ist potentiell tief.<\/p>\n\n\n\n<p>In einer solchen Situation ist es f\u00fcr Sie besonders wichtig, sich nicht nur einem Anwalt anzuvertrauen, sondern sich einen <strong>erfahrenen und kompromi\u00dflosen Partner an die Seite zu holen<\/strong>, der sich mit allen Aspekten einer solchen Situation auskennt und <strong>wei\u00df, was zu tun ist<\/strong>.<\/p>\n\n\n\n<p>Daher haben Sie sich f\u00fcr <strong>mich als Fachanw\u00e4ltin f\u00fcr Strafrecht<\/strong> entschieden.             <img loading=\"lazy\" decoding=\"async\" width=\"150\" height=\"200\" class=\"wp-image-104\" style=\"width: 150px;\" src=\"http:\/\/www.kanzlei-jakobi.de\/2020\/wp-content\/uploads\/2025\/06\/JJ-scaled.jpg\" alt=\"\" srcset=\"http:\/\/www.kanzlei-jakobi.de\/2020\/wp-content\/uploads\/2025\/06\/JJ-scaled.jpg 1916w, http:\/\/www.kanzlei-jakobi.de\/2020\/wp-content\/uploads\/2025\/06\/JJ-225x300.jpg 225w, http:\/\/www.kanzlei-jakobi.de\/2020\/wp-content\/uploads\/2025\/06\/JJ-766x1024.jpg 766w, http:\/\/www.kanzlei-jakobi.de\/2020\/wp-content\/uploads\/2025\/06\/JJ-768x1026.jpg 768w, http:\/\/www.kanzlei-jakobi.de\/2020\/wp-content\/uploads\/2025\/06\/JJ-1150x1536.jpg 1150w, http:\/\/www.kanzlei-jakobi.de\/2020\/wp-content\/uploads\/2025\/06\/JJ-1533x2048.jpg 1533w, http:\/\/www.kanzlei-jakobi.de\/2020\/wp-content\/uploads\/2025\/06\/JJ-600x802.jpg 600w, http:\/\/www.kanzlei-jakobi.de\/2020\/wp-content\/uploads\/2025\/06\/JJ-945x1263.jpg 945w\" sizes=\"auto, (max-width: 150px) 100vw, 150px\" \/><\/p>\n\n\n\n<p>Der Fachanwaltstitel ist eine Bezeichnung, die zu f\u00fchren in einem \nf\u00f6rmlichen Verfahren durch die jeweils zust\u00e4ndige Rechtsanwaltskammer \nerlaubt wird. <\/p>\n\n\n\n<p>Voraussetzung hierf\u00fcr ist, da\u00df der jeweilige Anwalt den Nachweis \nbesonderer praktischer und theoretischer Kenntnisse in diesem speziellen\n Rechtsgebiet f\u00fchrt, sich also besonders intensiv in diesem \nRechtsbereich bet\u00e4tigt hat und somit besonders gut auskennt. <\/p>\n\n\n\n<p>Zu Ihrer Sicherheit als Mandant und somit aus <strong>Gr\u00fcnden der Qualit\u00e4tssicherung<\/strong> ist dies kein einmaliger Vorgang; der Fachanwaltstitel darf nach der Verleihung nur weiter gef\u00fchrt werden, wenn j\u00e4hrlich ein gesetzlich vorgeschriebener Mindestumfang an Fortbildungen in dem jeweiligen Rechtsgebiet absolviert und der Rechtsanwaltskammer nachgewiesen wird.<\/p>\n\n\n\n<p>Wenn Sie sich mit Ihrem strafrechtlichen Anliegen also einer \nFachanw\u00e4ltin f\u00fcr Strafrecht anvertrauen, k\u00f6nnen Sie sicher sein, da\u00df \ndiese sich mit allen Aspekten einer solchen Situation auskennt, \nErfahrung in Theorie und Praxis hat, stets auf dem aktuellen Stand ist \nund auch in Ihrem Fall wei\u00df, was zu tun ist.<\/p>\n","protected":false},"excerpt":{"rendered":"<p>Fachanwaltskanzlei Jennifer Jakobi Strafrecht \/ Strafverteidigung \u2013 Fachanw\u00e4ltin f\u00fcr Strafrecht Wer ein strafrechtliches Problem hat, sieht sich mit einer Vielzahl daraus erwachsender Konsequenzen konfrontiert, die vor vielen Bereichen Ihres Lebens oft nicht Halt machen. Schnell werden derlei Verfahren existenzbedrohend. Ob&#8230; <a class=\"more-link\" href=\"http:\/\/www.kanzlei-jakobi.de\/2020\/strafrecht\/\">Weiterlesen &rarr;<\/a><\/p>\n","protected":false},"author":1,"featured_media":0,"parent":0,"menu_order":0,"comment_status":"closed","ping_status":"closed","template":"","meta":{"footnotes":""},"class_list":["post-25","page","type-page","status-publish","hentry"],"_links":{"self":[{"href":"http:\/\/www.kanzlei-jakobi.de\/2020\/wp-json\/wp\/v2\/pages\/25","targetHints":{"allow":["GET"]}}],"collection":[{"href":"http:\/\/www.kanzlei-jakobi.de\/2020\/wp-json\/wp\/v2\/pages"}],"about":[{"href":"http:\/\/www.kanzlei-jakobi.de\/2020\/wp-json\/wp\/v2\/types\/page"}],"author":[{"embeddable":true,"href":"http:\/\/www.kanzlei-jakobi.de\/2020\/wp-json\/wp\/v2\/users\/1"}],"replies":[{"embeddable":true,"href":"http:\/\/www.kanzlei-jakobi.de\/2020\/wp-json\/wp\/v2\/comments?post=25"}],"version-history":[{"count":4,"href":"http:\/\/www.kanzlei-jakobi.de\/2020\/wp-json\/wp\/v2\/pages\/25\/revisions"}],"predecessor-version":[{"id":116,"href":"http:\/\/www.kanzlei-jakobi.de\/2020\/wp-json\/wp\/v2\/pages\/25\/revisions\/116"}],"wp:attachment":[{"href":"http:\/\/www.kanzlei-jakobi.de\/2020\/wp-json\/wp\/v2\/media?parent=25"}],"curies":[{"name":"wp","href":"https:\/\/api.w.org\/{rel}","templated":true}]}}