{"id":50,"date":"2020-01-03T13:14:42","date_gmt":"2020-01-03T12:14:42","guid":{"rendered":"http:\/\/www.kanzlei-jakobi.de\/2020\/?page_id=50"},"modified":"2020-01-30T16:12:10","modified_gmt":"2020-01-30T15:12:10","slug":"impressum","status":"publish","type":"page","link":"http:\/\/www.kanzlei-jakobi.de\/2020\/impressum\/","title":{"rendered":"Impressum"},"content":{"rendered":"\n<p>Angaben gem\u00e4\u00df \u00a7 5 TMG:<br> Rechtsanw\u00e4ltin Jennifer Jakobi<br> Otto-Lilienthal-Stra\u00dfe 16<br> 28199 Bremen<br> Tel.: 0421 \u2013 79 41 740<br> Fax: 0421 \u2013 79 41 747 <br><a href=\"http:\/\/www.kanzlei-jakobi-de\/2020\"> www.kanzlei-jakobi-de<\/a><br> Email: <a href=\"mailto:recht@kanzlei-jakobi.de\">recht(at)kanzlei-jakobi.de<\/a>  <\/p>\n\n\n\n<p>Zust\u00e4ndige Kammer:<br>Ich unterliege der Aufsicht der Hanseatischen Rechtsanwaltskammer Bremen:<\/p>\n\n\n\n<p>Hanseatische Rechtsanwaltskammer Bremen<br>Knochenhauerstra\u00dfe 36\/37<br>28195 Bremen<br>Telefon 0421\/168 97 \u2013 0<br>Telefax 0421\/168 97 \u2013 20<br>Email:  <a href=\"mailto:info@rak-bremen.de\">info@rak-bremen.de<\/a><\/p>\n\n\n\n<p><strong>Berufsrechtliche Regelungen der Rechtsanw\u00e4lte:<\/strong><br>Informationen zu diesen Regelungen finden Sie auf der Internetseite der Bundesrechtsanwaltskammer unter www.brak.de.<\/p>\n\n\n\n<p><strong>Berufshaftpflichtversicherung:<\/strong><br>Rechtsanw\u00e4lte sind verpflichtet, \u00fcber eine Berufshaftpflichtversicherung  mit einer Mindestversicherungssumme von 250.000,00 \u20ac zu verf\u00fcgen. Dies  ergibt sich aus \u00a7 51 BRAO.<\/p>\n\n\n\n<p><\/p>\n\n\n\n<p><strong>Berufshaftpflichtversicherung f\u00fcr Rechtsanw\u00e4ltin Jakobi:<\/strong><br>Generali Versicherung AG, Adenauerring 7 \u2013 9, 81737 M\u00fcnchen, vertreten durch die AFB GmbH, Kaistr. 13, 40221 D\u00fcsseldorf.<\/p>\n\n\n\n<p><\/p>\n\n\n\n<p>Plattform der EU zur au\u00dfergerichtlichen Online-Streitbeilegung: http:\/\/ec.europa.eu\/consumers\/odr\/<\/p>\n\n\n\n<p><strong>Haftungsausschluss:<\/strong><br>Meine Internetseite dient Ihrer Information und ist sorgf\u00e4ltig  bearbeitet worden. Dennoch \u00fcbernehme ich f\u00fcr die Richtigkeit,  Vollst\u00e4ndigkeit und Aktualit\u00e4t der hier angebotenen Informationen keine Gew\u00e4hr. Jegliche Haftung f\u00fcr eventuelle Sch\u00e4den aus der Nutzung der hier  angebotenen Informationen und Links ist ausgeschlossen. Ich \u00fcbernehme auch keine Verantwortung f\u00fcr den Inhalt der mittels Link verkn\u00fcpften Seiten.<\/p>\n\n\n\n<p>Ich erkl\u00e4re ausdr\u00fccklich, dass mir zum Zeitpunkt der Linksetzung  keine illegalen oder Rechte Dritter verletzenden Inhalte der  gelinkten\/verkn\u00fcpften Seiten bekannt waren.<br>Sollten Sie Kenntnis von einem derartigen Rechtsversto\u00df haben,  benachrichtigen Sie mich bitte sofort, damit der Link gestrichen werden  kann.<\/p>\n\n\n\n<p><strong>Urheberrecht:<\/strong><br>Die Texte, Bilder und das Layout auf diesen Seiten sind urheberrechtlich  gesch\u00fctzt. Unzul\u00e4ssige Verwertungen, Kopien oder Weitergaben einzelner  Inhalte oder ganzer Seiten k\u00f6nnen straf- und zivilrechtlich verfolgt  werden.<\/p>\n\n\n\n<p><strong>Info:<\/strong><br>Durch die Zusendung einer Email kommt kein Mandatsverh\u00e4ltnis zustande.  Sie erhalten hier auch keine Rechtsberatung auf elektronischem Wege. Die  Daten\u00fcbertragung im Internet ist mit Risiken verbunden. Senden Sie  daher keine vertraulichen Informationen per Email, sondern vereinbaren  Sie bitte zun\u00e4chst einen Besprechungstermin.<\/p>\n","protected":false},"excerpt":{"rendered":"<p>Angaben gem\u00e4\u00df \u00a7 5 TMG: Rechtsanw\u00e4ltin Jennifer Jakobi Otto-Lilienthal-Stra\u00dfe 16 28199 Bremen Tel.: 0421 \u2013 79 41 740 Fax: 0421 \u2013 79 41 747 www.kanzlei-jakobi-de Email: recht(at)kanzlei-jakobi.de Zust\u00e4ndige Kammer:Ich unterliege der Aufsicht der Hanseatischen Rechtsanwaltskammer Bremen: Hanseatische Rechtsanwaltskammer BremenKnochenhauerstra\u00dfe 36\/3728195&#8230; <a class=\"more-link\" href=\"http:\/\/www.kanzlei-jakobi.de\/2020\/impressum\/\">Weiterlesen &rarr;<\/a><\/p>\n","protected":false},"author":1,"featured_media":0,"parent":0,"menu_order":0,"comment_status":"closed","ping_status":"closed","template":"","meta":{"footnotes":""},"class_list":["post-50","page","type-page","status-publish","hentry"],"_links":{"self":[{"href":"http:\/\/www.kanzlei-jakobi.de\/2020\/wp-json\/wp\/v2\/pages\/50","targetHints":{"allow":["GET"]}}],"collection":[{"href":"http:\/\/www.kanzlei-jakobi.de\/2020\/wp-json\/wp\/v2\/pages"}],"about":[{"href":"http:\/\/www.kanzlei-jakobi.de\/2020\/wp-json\/wp\/v2\/types\/page"}],"author":[{"embeddable":true,"href":"http:\/\/www.kanzlei-jakobi.de\/2020\/wp-json\/wp\/v2\/users\/1"}],"replies":[{"embeddable":true,"href":"http:\/\/www.kanzlei-jakobi.de\/2020\/wp-json\/wp\/v2\/comments?post=50"}],"version-history":[{"count":9,"href":"http:\/\/www.kanzlei-jakobi.de\/2020\/wp-json\/wp\/v2\/pages\/50\/revisions"}],"predecessor-version":[{"id":83,"href":"http:\/\/www.kanzlei-jakobi.de\/2020\/wp-json\/wp\/v2\/pages\/50\/revisions\/83"}],"wp:attachment":[{"href":"http:\/\/www.kanzlei-jakobi.de\/2020\/wp-json\/wp\/v2\/media?parent=50"}],"curies":[{"name":"wp","href":"https:\/\/api.w.org\/{rel}","templated":true}]}}