{"id":55,"date":"2020-01-03T13:19:58","date_gmt":"2020-01-03T12:19:58","guid":{"rendered":"http:\/\/www.kanzlei-jakobi.de\/2020\/?page_id=55"},"modified":"2020-01-03T13:21:04","modified_gmt":"2020-01-03T12:21:04","slug":"datenschutzerlaerung","status":"publish","type":"page","link":"http:\/\/www.kanzlei-jakobi.de\/2020\/datenschutzerlaerung\/","title":{"rendered":"Datenschutzerl\u00e4rung"},"content":{"rendered":"\n<p><strong>1. Datenschutz auf einen Blick<\/strong><\/p>\n\n\n\n<p>\nAllgemeine Hinweise<br>\nDie folgenden Hinweise geben einen einfachen \u00dcberblick dar\u00fcber, was mit \nIhren personenbezogenen Daten passiert, wenn Sie unsere Website \nbesuchen. Personenbezogene Daten sind alle Daten, mit denen Sie \npers\u00f6nlich identifiziert werden k\u00f6nnen. Ausf\u00fchrliche Informationen zum \nThema Datenschutz entnehmen Sie unserer unter diesem Text aufgef\u00fchrten \nDatenschutzerkl\u00e4rung.<br>\nDatenerfassung auf unserer Website<br>\nWer ist verantwortlich f\u00fcr die Datenerfassung auf dieser Website?<br>\nDie Datenverarbeitung auf dieser Website erfolgt durch den \nWebsitebetreiber. Dessen Kontaktdaten k\u00f6nnen Sie dem Impressum dieser \nWebsite entnehmen.<br>\nWie erfassen wir Ihre Daten?<br>\nIhre Daten werden zum einen dadurch erhoben, dass Sie uns diese \nmitteilen. Hierbei kann es sich z.B. um Daten handeln, die Sie in ein \nKontaktformular eingeben.<br>\nAndere Daten werden automatisch beim Besuch der Website durch unsere \nIT-Systeme erfasst. Das sind vor allem technische Daten (z.B. \nInternetbrowser, Betriebssystem oder Uhrzeit des Seitenaufrufs). Die \nErfassung dieser Daten erfolgt automatisch, sobald Sie unsere Website \nbetreten.<\/p>\n\n\n\n<p>\nWof\u00fcr nutzen wir Ihre Daten?<\/p>\n\n\n\n<p>\nEin Teil der Daten wird erhoben, um eine fehlerfreie Bereitstellung der \nWebsite zu gew\u00e4hrleisten. Andere Daten k\u00f6nnen zur Analyse Ihres \nNutzerverhaltens verwendet werden.<\/p>\n\n\n\n<p>\nWelche Rechte haben Sie bez\u00fcglich Ihrer Daten?<\/p>\n\n\n\n<p>\nSie haben jederzeit das Recht unentgeltlich Auskunft \u00fcber Herkunft, \nEmpf\u00e4nger und Zweck Ihrer gespeicherten personenbezogenen Daten zu \nerhalten. Sie haben au\u00dferdem ein Recht, die Berichtigung, Sperrung oder \nL\u00f6schung dieser Daten zu verlangen. Hierzu sowie zu weiteren Fragen zum \nThema Datenschutz k\u00f6nnen Sie sich jederzeit unter der im Impressum \nangegebenen Adresse an uns wenden. Des Weiteren steht Ihnen ein \nBeschwerderecht bei der zust\u00e4ndigen Aufsichtsbeh\u00f6rde zu.<\/p>\n\n\n\n<p><strong>2. Allgemeine Hinweise und Pflichtinformationen<\/strong><\/p>\n\n\n\n<p> Datenschutz<br> Die Betreiber dieser Seiten nehmen den Schutz Ihrer pers\u00f6nlichen Daten  sehr ernst. Wir behandeln Ihre personenbezogenen Daten vertraulich und  entsprechend der gesetzlichen Datenschutzvorschriften sowie dieser  Datenschutzerkl\u00e4rung.<br> Wenn Sie diese Website benutzen, werden verschiedene personenbezogene  Daten erhoben. Personenbezogene Daten sind Daten, mit denen Sie  pers\u00f6nlich identifiziert werden k\u00f6nnen. Die vorliegende  Datenschutzerkl\u00e4rung erl\u00e4utert, welche Daten wir erheben und wof\u00fcr wir  sie nutzen. Sie erl\u00e4utert auch, wie und zu welchem Zweck das geschieht.<br> Wir weisen darauf hin, dass die Daten\u00fcbertragung im Internet (z.B. bei  der Kommunikation per E-Mail) Sicherheitsl\u00fccken aufweisen kann. Ein  l\u00fcckenloser Schutz der Daten vor dem Zugriff durch Dritte ist nicht  m\u00f6glich.<br> Hinweis zur verantwortlichen Stelle<br> Die verantwortliche Stelle f\u00fcr die Datenverarbeitung auf dieser Website ist:<br>  Rechtsanw\u00e4ltin Jennifer Jakobi<br> Otto-Lilienthal-Stra\u00dfe 16<br>28199 Bremen<br>www.kanzlei-jakobi-de<br>Email: recht(at)kanzlei-jakobi.de <br> Verantwortliche Stelle ist die nat\u00fcrliche oder juristische Person, die  allein oder gemeinsam mit anderen \u00fcber die Zwecke und Mittel der  Verarbeitung von personenbezogenen Daten (z.B. Namen, E-Mail-Adressen o.  \u00c4.) entscheidet.<br> Widerruf Ihrer Einwilligung zur Datenverarbeitung<br> Viele Datenverarbeitungsvorg\u00e4nge sind nur mit Ihrer ausdr\u00fccklichen  Einwilligung m\u00f6glich. Sie k\u00f6nnen eine bereits erteilte Einwilligung  jederzeit widerrufen. Dazu reicht eine formlose Mitteilung per E-Mail an  uns. Die Rechtm\u00e4\u00dfigkeit der bis zum Widerruf erfolgten  Datenverarbeitung bleibt vom Widerruf unber\u00fchrt.<\/p>\n\n\n\n<p>Beschwerderecht bei der zust\u00e4ndigen Aufsichtsbeh\u00f6rde<br>\nIm Falle datenschutzrechtlicher Verst\u00f6\u00dfe steht dem Betroffenen ein \nBeschwerderecht bei der zust\u00e4ndigen Aufsichtsbeh\u00f6rde zu. Zust\u00e4ndige \nAufsichtsbeh\u00f6rde in datenschutzrechtlichen Fragen ist der \nLandesdatenschutzbeauftragte des Bundeslandes, Bremen. Eine Liste der \nDatenschutzbeauftragten sowie deren Kontaktdaten k\u00f6nnen folgendem Link \nentnommen werden: \nhttps:\/\/www.bfdi.bund.de\/DE\/Infothek\/Anschriften_Links\/anschriften_links-node.html.<\/p>\n\n\n\n<p>Recht auf Daten\u00fcbertragbarkeit<br>\nSie haben das Recht, Daten, die wir auf Grundlage Ihrer Einwilligung \noder in Erf\u00fcllung eines Vertrags automatisiert verarbeiten, an sich oder\n an einen Dritten in einem g\u00e4ngigen, maschinenlesbaren Format \naush\u00e4ndigen zu lassen. Sofern Sie die direkte \u00dcbertragung der Daten an \neinen anderen Verantwortlichen verlangen, erfolgt dies nur, soweit es \ntechnisch machbar ist.<br>\nAuskunft, Sperrung, L\u00f6schung<br>\nSie haben im Rahmen der geltenden gesetzlichen Bestimmungen jederzeit \ndas Recht auf unentgeltliche Auskunft \u00fcber Ihre gespeicherten \npersonenbezogenen Daten, deren Herkunft und Empf\u00e4nger und den Zweck der \nDatenverarbeitung und ggf. ein Recht auf Berichtigung, Sperrung oder \nL\u00f6schung dieser Daten. Hierzu sowie zu weiteren Fragen zum Thema \npersonenbezogene Daten k\u00f6nnen Sie sich jederzeit unter der im Impressum \nangegebenen Adresse an uns wenden.<\/p>\n\n\n\n<p>\n<strong>3. Datenerfassung auf unserer Website<\/strong><br>\n<strong> Cookies<\/strong><\/p>\n\n\n\n<p>\nDie Internetseiten verwenden teilweise so genannte Cookies. Cookies \nrichten auf Ihrem Rechner keinen Schaden an und enthalten keine Viren. \nCookies dienen dazu, unser Angebot nutzerfreundlicher, effektiver und \nsicherer zu machen. Cookies sind kleine Textdateien, die auf Ihrem \nRechner abgelegt werden und die Ihr Browser speichert.<\/p>\n\n\n\n<p>Die meisten der von uns verwendeten Cookies\n sind so genannte \u201cSession-Cookies\u201d. Sie werden nach Ende Ihres Besuchs \nautomatisch gel\u00f6scht. Andere Cookies bleiben auf Ihrem Endger\u00e4t \ngespeichert bis Sie diese l\u00f6schen. Diese Cookies erm\u00f6glichen es uns, \nIhren Browser beim n\u00e4chsten Besuch wiederzuerkennen.<br>\nSie k\u00f6nnen Ihren Browser so einstellen, dass Sie \u00fcber das Setzen von \nCookies informiert werden und Cookies nur im Einzelfall erlauben, die \nAnnahme von Cookies f\u00fcr bestimmte F\u00e4lle oder generell ausschlie\u00dfen sowie\n das automatische L\u00f6schen der Cookies beim Schlie\u00dfen des Browser \naktivieren. Bei der Deaktivierung von Cookies kann die Funktionalit\u00e4t \ndieser Website eingeschr\u00e4nkt sein.<br>\nCookies, die zur Durchf\u00fchrung des elektronischen Kommunikationsvorgangs \noder zur Bereitstellung bestimmter, von Ihnen erw\u00fcnschter Funktionen \nerforderlich sind, werden auf Grundlage von Art. 6 Abs. 1 lit. f DSGVO \ngespeichert. Der Websitebetreiber hat ein berechtigtes Interesse an der \nSpeicherung von Cookies zur technisch fehlerfreien und optimierten \nBereitstellung seiner Dienste. Soweit andere Cookies (z.B. Cookies zur \nAnalyse Ihres Surfverhaltens) gespeichert werden, werden diese in dieser\n Datenschutzerkl\u00e4rung gesondert behandelt.<br>\nServer-Log-Dateien<br>\nDer Provider der Seiten erhebt und speichert automatisch Informationen \nin so genannten Server-Log-Dateien, die Ihr Browser automatisch an uns \n\u00fcbermittelt. Dies sind:<br>\n\u2022 Browsertyp und Browserversion<br>\n\u2022 verwendetes Betriebssystem<br>\n\u2022 Referrer URL<br>\n\u2022 Hostname des zugreifenden Rechners<br>\n\u2022 Uhrzeit der Serveranfrage<br>\n\u2022 IP-Adresse<br>\nEine Zusammenf\u00fchrung dieser Daten mit anderen Datenquellen wird nicht vorgenommen.<br>\nGrundlage f\u00fcr die Datenverarbeitung ist Art. 6 Abs. 1 lit. f DSGVO, der \ndie Verarbeitung von Daten zur Erf\u00fcllung eines Vertrags oder \nvorvertraglicher Ma\u00dfnahmen gestattet.<\/p>\n\n\n\n<p>Kontaktformular<\/p>\n\n\n\n<p>\nWenn Sie uns per Kontaktformular Anfragen zukommen lassen, werden Ihre \nAngaben aus dem Anfrageformular inklusive der von Ihnen dort angegebenen\n Kontaktdaten zwecks Bearbeitung der Anfrage und f\u00fcr den Fall von \nAnschlussfragen bei uns gespeichert. Diese Daten geben wir nicht ohne \nIhre Einwilligung weiter.<br>\nDie Verarbeitung der in das Kontaktformular eingegebenen Daten erfolgt \nsomit ausschlie\u00dflich auf Grundlage Ihrer Einwilligung (Art. 6 Abs. 1 \nlit. a DSGVO). Sie k\u00f6nnen diese Einwilligung jederzeit widerrufen. Dazu \nreicht eine formlose Mitteilung per E-Mail an uns. Die Rechtm\u00e4\u00dfigkeit \nder bis zum Widerruf erfolgten Datenverarbeitungsvorg\u00e4nge bleibt vom \nWiderruf unber\u00fchrt.<br>\nDie von Ihnen im Kontaktformular eingegebenen Daten verbleiben bei uns, \nbis Sie uns zur L\u00f6schung auffordern, Ihre Einwilligung zur Speicherung \nwiderrufen oder der Zweck f\u00fcr die Datenspeicherung entf\u00e4llt (z.B. nach \nabgeschlossener Bearbeitung Ihrer Anfrage). Zwingende gesetzliche \nBestimmungen \u2013 insbesondere Aufbewahrungsfristen \u2013 bleiben unber\u00fchrt.<\/p>\n\n\n\n<p>\n<strong>4. Aktualit\u00e4t und \u00c4nderung der Datenschutzerkl\u00e4rung<\/strong><\/p>\n\n\n\n<p>Diese Datenschutzerkl\u00e4rung ist aktuell g\u00fcltig nach dem Stand Juni 2018.<\/p>\n\n\n\n<p>Durch die Weiterentwicklung unserer Website\n und Angebote dar\u00fcber oder aufgrund ge\u00e4nderter gesetzlicher bzw. \nbeh\u00f6rdlicher Vorgaben kann es notwendig werden, diese \nDatenschutzerkl\u00e4rung zu \u00e4ndern. Die jeweils aktuelle \nDatenschutzerkl\u00e4rung kann jederzeit auf unserer Website von Ihnen \nabgerufen und ausgedruckt werden<\/p>\n\n\n\n<p>Sonstiges<\/p>\n\n\n\n<p>Wir bedienen uns geeigneter technischer und\n organisatorischer Sicherheitsma\u00df-nahmen, um Ihre Daten gegen zuf\u00e4llige \noder vors\u00e4tzliche Manipulation, teilweisem oder vollst\u00e4ndigem Verlust, \nZerst\u00f6rung oder den unbefugten Zugriff Dritter zu sch\u00fctzen. Unsere \nSicherheitsma\u00dfnahmen werden entsprechend der technologischen Entwicklung\n fortlaufend verbessert.<\/p>\n","protected":false},"excerpt":{"rendered":"<p>1. Datenschutz auf einen Blick Allgemeine Hinweise Die folgenden Hinweise geben einen einfachen \u00dcberblick dar\u00fcber, was mit Ihren personenbezogenen Daten passiert, wenn Sie unsere Website besuchen. Personenbezogene Daten sind alle Daten, mit denen Sie pers\u00f6nlich identifiziert werden k\u00f6nnen. Ausf\u00fchrliche Informationen&#8230; <a class=\"more-link\" href=\"http:\/\/www.kanzlei-jakobi.de\/2020\/datenschutzerlaerung\/\">Weiterlesen &rarr;<\/a><\/p>\n","protected":false},"author":1,"featured_media":0,"parent":0,"menu_order":0,"comment_status":"closed","ping_status":"closed","template":"","meta":{"footnotes":""},"class_list":["post-55","page","type-page","status-publish","hentry"],"_links":{"self":[{"href":"http:\/\/www.kanzlei-jakobi.de\/2020\/wp-json\/wp\/v2\/pages\/55","targetHints":{"allow":["GET"]}}],"collection":[{"href":"http:\/\/www.kanzlei-jakobi.de\/2020\/wp-json\/wp\/v2\/pages"}],"about":[{"href":"http:\/\/www.kanzlei-jakobi.de\/2020\/wp-json\/wp\/v2\/types\/page"}],"author":[{"embeddable":true,"href":"http:\/\/www.kanzlei-jakobi.de\/2020\/wp-json\/wp\/v2\/users\/1"}],"replies":[{"embeddable":true,"href":"http:\/\/www.kanzlei-jakobi.de\/2020\/wp-json\/wp\/v2\/comments?post=55"}],"version-history":[{"count":2,"href":"http:\/\/www.kanzlei-jakobi.de\/2020\/wp-json\/wp\/v2\/pages\/55\/revisions"}],"predecessor-version":[{"id":57,"href":"http:\/\/www.kanzlei-jakobi.de\/2020\/wp-json\/wp\/v2\/pages\/55\/revisions\/57"}],"wp:attachment":[{"href":"http:\/\/www.kanzlei-jakobi.de\/2020\/wp-json\/wp\/v2\/media?parent=55"}],"curies":[{"name":"wp","href":"https:\/\/api.w.org\/{rel}","templated":true}]}}