{"id":72,"date":"2020-01-07T11:41:42","date_gmt":"2020-01-07T10:41:42","guid":{"rendered":"http:\/\/www.kanzlei-jakobi.de\/2020\/?page_id=72"},"modified":"2025-06-02T14:16:40","modified_gmt":"2025-06-02T12:16:40","slug":"vortrags-seminartaetigkeiten","status":"publish","type":"page","link":"http:\/\/www.kanzlei-jakobi.de\/2020\/vortrags-seminartaetigkeiten\/","title":{"rendered":"Vortrags- &#038; Seminart\u00e4tigkeiten"},"content":{"rendered":"\n<ul class=\"wp-block-list\">\n<li><strong>Besonderheiten der Verteidigung im Medizinstrafrecht<\/strong>\n<ul class=\"wp-block-list\">\n<li>Seminar f\u00fcr die Vereinigung Nieders\u00e4chsischer und Bremer Strafverteidigerinnen und Strafverteidiger e.V. (VNBS), 19.11.2016, Bremen <\/li>\n\n\n\n<li>Gemeinsam mit RA &amp; FA MedR Rudolf J. Gl\u00e4ser  <\/li>\n<\/ul>\n<\/li>\n\n\n\n<li><strong>Update Verteidigung im Medizinstrafrecht<\/strong>\n<ul class=\"wp-block-list\">\n<li>Seminar f\u00fcr die Vereinigung Nieders\u00e4chsischer und Bremer Strafverteidigerinnen und Strafverteidiger e.V. (VNBS), 09.12.2017, Hannover  <\/li>\n\n\n\n<li>Gemeinsam mit RA &amp; FA MedR Rudolf J. Gl\u00e4ser  <\/li>\n<\/ul>\n<\/li>\n\n\n\n<li><strong>Vortrag \u201eStrafbarkeit nicht indizierter \u00e4rztlicher Leistungen\u201c<\/strong>\n<ul class=\"wp-block-list\">\n<li>Wiesbadener Arbeitskreis, 10.05.2019  <\/li>\n<\/ul>\n<\/li>\n\n\n\n<li><strong>Vortrag \u201eStrafbarkeit der Erbringung von nicht indizierten \u00e4rztlichen Leistungen\u201c<\/strong>\n<ul class=\"wp-block-list\">\n<li>Herbsttagung der AG Medizinrecht im DAV, 14.09.2019, Berlin  <\/li>\n<\/ul>\n<\/li>\n\n\n\n<li><strong>Praxisorientiertes Seminar Besonderheiten der Verteidigung im Medizinstrafrecht<\/strong>\n<ul class=\"wp-block-list\">\n<li>Seminar f\u00fcr das \u201eDeutsches Anwaltsinstitut e.V.\u201c (DAI), 05.11.2019, Bochum <\/li>\n\n\n\n<li>Gemeinsam mit RA &amp; FA MedR Rudolf J. Gl\u00e4ser   <\/li>\n<\/ul>\n<\/li>\n\n\n\n<li><strong>Medizinrecht kompakt<\/strong>\n<ul class=\"wp-block-list\">\n<li>Seminar f\u00fcr die \u201eDeutsche AnwaltAkademie GmbH\u201c (DAA), 06.12.2019, Frankfurt a.M. <\/li>\n\n\n\n<li>Gemeinsam mit RA &amp; FA MedR Rudolf J. Gl\u00e4ser   <\/li>\n<\/ul>\n<\/li>\n\n\n\n<li>Seither fortlaufend nahezu j\u00e4hrlich f\u00fcr DAI, zuletzt November 2024 DAI, Bochum<\/li>\n<\/ul>\n\n\n\n<ul class=\"wp-block-list\">\n<li><strong>2025<\/strong>\n<ul class=\"wp-block-list\">\n<li><strong>Vortrag &#8222;\u00a7 5 HeilPraktG &#8211; Taugliches Instrument zur Regelung verschiedener k\u00f6rpernaher Sachverhalte? &#8211; zum Begriff der Heilkundeaus\u00fcbung nach dem Beschlu\u00df des BGH v. 19.03.2024 (3 StR 61\/24)&#8220;<\/strong>\n<ul class=\"wp-block-list\">\n<li>Wiesbadener Arbeitskreis, 09.05.2025, Bremen<\/li>\n<\/ul>\n<\/li>\n\n\n\n<li><strong>Voraussichtlich<\/strong>: <\/li>\n\n\n\n<li>&#8222;<strong>Besonderheiten der Verteidigung im Medizinstrafrecht <\/strong>&#8211; <strong>Praxisorientierte Veranstaltung<\/strong>&#8220; (Pr\u00e4senz)<\/li>\n\n\n\n<li>Seminar f\u00fcr DAI, 18.07.2025, Berlin<\/li>\n\n\n\n<li>gemeinsam mit RA &amp; FA MedR Rudolf J. Gl\u00e4ser<\/li>\n<\/ul>\n<\/li>\n<\/ul>\n\n\n\n<p><\/p>\n","protected":false},"excerpt":{"rendered":"","protected":false},"author":1,"featured_media":0,"parent":0,"menu_order":0,"comment_status":"closed","ping_status":"closed","template":"","meta":{"footnotes":""},"class_list":["post-72","page","type-page","status-publish","hentry"],"_links":{"self":[{"href":"http:\/\/www.kanzlei-jakobi.de\/2020\/wp-json\/wp\/v2\/pages\/72","targetHints":{"allow":["GET"]}}],"collection":[{"href":"http:\/\/www.kanzlei-jakobi.de\/2020\/wp-json\/wp\/v2\/pages"}],"about":[{"href":"http:\/\/www.kanzlei-jakobi.de\/2020\/wp-json\/wp\/v2\/types\/page"}],"author":[{"embeddable":true,"href":"http:\/\/www.kanzlei-jakobi.de\/2020\/wp-json\/wp\/v2\/users\/1"}],"replies":[{"embeddable":true,"href":"http:\/\/www.kanzlei-jakobi.de\/2020\/wp-json\/wp\/v2\/comments?post=72"}],"version-history":[{"count":4,"href":"http:\/\/www.kanzlei-jakobi.de\/2020\/wp-json\/wp\/v2\/pages\/72\/revisions"}],"predecessor-version":[{"id":124,"href":"http:\/\/www.kanzlei-jakobi.de\/2020\/wp-json\/wp\/v2\/pages\/72\/revisions\/124"}],"wp:attachment":[{"href":"http:\/\/www.kanzlei-jakobi.de\/2020\/wp-json\/wp\/v2\/media?parent=72"}],"curies":[{"name":"wp","href":"https:\/\/api.w.org\/{rel}","templated":true}]}}